{"id":8,"date":"2018-10-21T18:37:51","date_gmt":"2018-10-21T16:37:51","guid":{"rendered":"https:\/\/jesip.cz\/?page_id=8"},"modified":"2023-11-06T12:56:41","modified_gmt":"2023-11-06T11:56:41","slug":"uvodni-stranka","status":"publish","type":"page","link":"https:\/\/jesip.cz\/index.php\/uvodni-stranka\/","title":{"rendered":"\u00davodn\u00ed str\u00e1nka"},"content":{"rendered":"<p><strong>Hled\u00e1te pron\u00e1jem dostupn\u00fdch kancel\u00e1\u0159sk\u00fdch, obchodn\u00edch, v\u00fdrobn\u00edch nebo skladovac\u00edch prostor v \u0161ir\u0161\u00edm centru Jesen\u00edku? Budeme r\u00e1di, kdy\u017e se staneme va\u0161imi partnery. Poskytneme V\u00e1m vhodn\u00e9 kancel\u00e1\u0159e a dob\u0159e dostupn\u00e9 sklady, kter\u00e9 odpov\u00eddaj\u00ed va\u0161im pot\u0159eb\u00e1m.<\/strong><br \/>\nPoloha are\u00e1lu Jesen\u00edk je v bl\u00edzkosti centra m\u011bsta na v\u00fdpadov\u00e9 ulici Lipovsk\u00e1 sm\u011brem na L\u00e1zn\u011b Lipov\u00e1, v bl\u00edzkosti naleznete autobusovou zast\u00e1vku, \u017eelezni\u010dn\u00ed stanici. Do jesenick\u00e9ho are\u00e1lu je zavedena \u017eelezni\u010dn\u00ed vle\u010dka pro 3 vag\u00f3ny. Jsou zde rozs\u00e1hl\u00e9 mo\u017enosti parkov\u00e1n\u00ed.<br \/>\nZde naleznete aktu\u00e1ln\u00ed voln\u00e9 prostory k pron\u00e1jmu.<br \/>\nFirma Jesen\u00edk Industrial Park a.s., vznikla v roce 1992 transformac\u00ed st\u00e1tn\u00edho majetku v I. vln\u011b kup\u00f3nov\u00e9 privatizace. P\u0159edch\u016fdcem akciov\u00e9 spole\u010dnosti jsou Severomoravsk\u00e9 d\u0159eva\u0159sk\u00e9 z\u00e1vody, z\u00e1vod \u0160umperk. P\u016fvodn\u011b p\u0159evzala v\u00fdrobu laboratorn\u00edho a kancel\u00e1\u0159sk\u00e9ho n\u00e1bytku, organiza\u010dn\u011b a \u00fazemn\u011b vy\u010dlen\u011bnou do samostatn\u00e9ho z\u00e1vodu n\u00e1bytek Jesen\u00edk a tak\u00e9 pila\u0159skou a bedn\u00e1renskou v\u00fdrobu. Tato v\u00fdroba byla ukon\u010dena v roce 1997. Od roku 2005 se spole\u010dnost v\u00fdhradn\u011b v\u011bnuje pron\u00e1jmu kancel\u00e1\u0159sk\u00fdch, v\u00fdrobn\u00edch, skladovac\u00edch nebo obchodn\u00edch prostor.<\/p>\n","protected":false},"excerpt":{"rendered":"<p>Hled\u00e1te pron\u00e1jem dostupn\u00fdch kancel\u00e1\u0159sk\u00fdch, obchodn\u00edch, v\u00fdrobn\u00edch nebo skladovac\u00edch prostor v \u0161ir\u0161\u00edm centru Jesen\u00edku? Budeme r\u00e1di, kdy\u017e se staneme va\u0161imi partnery. Poskytneme V\u00e1m vhodn\u00e9 kancel\u00e1\u0159e a dob\u0159e dostupn\u00e9 sklady, kter\u00e9 odpov\u00eddaj\u00ed va\u0161im pot\u0159eb\u00e1m. Poloha are\u00e1lu Jesen\u00edk je v bl\u00edzkosti centra m\u011bsta na v\u00fdpadov\u00e9 ulici Lipovsk\u00e1 sm\u011brem na L\u00e1zn\u011b Lipov\u00e1, v bl\u00edzkosti naleznete autobusovou zast\u00e1vku, \u017eelezni\u010dn\u00ed stanici. [&hellip;]<\/p>\n","protected":false},"author":1,"featured_media":0,"parent":0,"menu_order":0,"comment_status":"closed","ping_status":"closed","template":"","meta":{"footnotes":""},"_links":{"self":[{"href":"https:\/\/jesip.cz\/index.php\/wp-json\/wp\/v2\/pages\/8"}],"collection":[{"href":"https:\/\/jesip.cz\/index.php\/wp-json\/wp\/v2\/pages"}],"about":[{"href":"https:\/\/jesip.cz\/index.php\/wp-json\/wp\/v2\/types\/page"}],"author":[{"embeddable":true,"href":"https:\/\/jesip.cz\/index.php\/wp-json\/wp\/v2\/users\/1"}],"replies":[{"embeddable":true,"href":"https:\/\/jesip.cz\/index.php\/wp-json\/wp\/v2\/comments?post=8"}],"version-history":[{"count":6,"href":"https:\/\/jesip.cz\/index.php\/wp-json\/wp\/v2\/pages\/8\/revisions"}],"predecessor-version":[{"id":68,"href":"https:\/\/jesip.cz\/index.php\/wp-json\/wp\/v2\/pages\/8\/revisions\/68"}],"wp:attachment":[{"href":"https:\/\/jesip.cz\/index.php\/wp-json\/wp\/v2\/media?parent=8"}],"curies":[{"name":"wp","href":"https:\/\/api.w.org\/{rel}","templated":true}]}}