{"id":61,"date":"2023-11-06T12:42:46","date_gmt":"2023-11-06T11:42:46","guid":{"rendered":"https:\/\/jesip.cz\/?page_id=61"},"modified":"2023-11-06T13:33:36","modified_gmt":"2023-11-06T12:33:36","slug":"kontakty","status":"publish","type":"page","link":"https:\/\/jesip.cz\/index.php\/kontakty\/","title":{"rendered":"Kontakty"},"content":{"rendered":"\t\t<div data-elementor-type=\"wp-page\" data-elementor-id=\"61\" class=\"elementor elementor-61\">\n\t\t\t\t\t\t\t<div class=\"elementor-element elementor-element-06469fd e-flex e-con-boxed e-con e-parent\" data-id=\"06469fd\" data-element_type=\"container\" data-settings=\"{&quot;content_width&quot;:&quot;boxed&quot;}\" data-core-v316-plus=\"true\">\n\t\t\t\t\t<div class=\"e-con-inner\">\n\t\t\t\t<div class=\"elementor-element elementor-element-0e89367 elementor-widget elementor-widget-text-editor\" data-id=\"0e89367\" data-element_type=\"widget\" data-widget_type=\"text-editor.default\">\n\t\t\t\t<div class=\"elementor-widget-container\">\n\t\t\t<style>\/*! elementor - v3.17.0 - 01-11-2023 *\/\n.elementor-widget-text-editor.elementor-drop-cap-view-stacked .elementor-drop-cap{background-color:#69727d;color:#fff}.elementor-widget-text-editor.elementor-drop-cap-view-framed .elementor-drop-cap{color:#69727d;border:3px solid;background-color:transparent}.elementor-widget-text-editor:not(.elementor-drop-cap-view-default) .elementor-drop-cap{margin-top:8px}.elementor-widget-text-editor:not(.elementor-drop-cap-view-default) .elementor-drop-cap-letter{width:1em;height:1em}.elementor-widget-text-editor .elementor-drop-cap{float:left;text-align:center;line-height:1;font-size:50px}.elementor-widget-text-editor .elementor-drop-cap-letter{display:inline-block}<\/style>\t\t\t\t<p><strong>Jesen\u00edk Industrial Park a.s.<\/strong><br \/>Lipovsk\u00e1 84 (registrovan\u00e9 s\u00eddlo 19)<br \/>790 01 Jesen\u00edk<br \/>I\u010c: 45192481<br \/>DI\u010c: CZ45192481<br \/>spole\u010dnost je zaps\u00e1na v obchodn\u00edm rejst\u0159\u00edku veden\u00e9m u Krajsk\u00e9ho soudu v Ostrav\u011b, odd\u00edl B, zna\u010dka 410<\/p><p>Jan Mat\u011bjovsk\u00fd<br \/>\u0159editel spole\u010dnosti a m\u00edstop\u0159edseda p\u0159edstavenstva<br \/>jan.matejovsky@jesip.cz<br \/>tel.: +420 602 521 256<\/p><p>P\u0159edstavenstvo spole\u010dnosti:<br \/>Mgr. Ing. Miroslav \u0160ev\u010d\u00edk &#8211; p\u0159edseda p\u0159edstavenstva, mira.sevcik@jesip.cz<\/p><p>Jan Mat\u011bjovsk\u00fd &#8211; m\u00edstop\u0159edseda p\u0159edstavenstva, jan.matejovsky@jesip.cz<\/p><p>Dozor\u010d\u00ed rada:<br \/>Mgr. Helena Chovan\u010d\u00edkov\u00e1 &#8211; p\u0159edseda dozor\u010d\u00ed rady, dr@jesip.cz<\/p><p><i class=\"fa fa-map-marker\"><\/i>Lipovsk\u00e1 84, Jesen\u00edk, ZIP 790 01<br \/><i class=\"fa fa-envelope\"><\/i>info@jesip.cz<i class=\"fa fa-globe\"><\/i>www.jesip.cz<\/p>\t\t\t\t\t\t<\/div>\n\t\t\t\t<\/div>\n\t\t\t\t\t<\/div>\n\t\t\t\t<\/div>\n\t\t\t\t\t\t\t<\/div>\n\t\t","protected":false},"excerpt":{"rendered":"<p>Jesen\u00edk Industrial Park a.s.Lipovsk\u00e1 84 (registrovan\u00e9 s\u00eddlo 19)790 01 Jesen\u00edkI\u010c: 45192481DI\u010c: CZ45192481spole\u010dnost je zaps\u00e1na v obchodn\u00edm rejst\u0159\u00edku veden\u00e9m u Krajsk\u00e9ho soudu v Ostrav\u011b, odd\u00edl B, zna\u010dka 410 Jan Mat\u011bjovsk\u00fd\u0159editel spole\u010dnosti a m\u00edstop\u0159edseda p\u0159edstavenstvajan.matejovsky@jesip.cztel.: +420 602 521 256 P\u0159edstavenstvo spole\u010dnosti:Mgr. Ing. Miroslav \u0160ev\u010d\u00edk &#8211; p\u0159edseda p\u0159edstavenstva, mira.sevcik@jesip.cz Jan Mat\u011bjovsk\u00fd &#8211; m\u00edstop\u0159edseda p\u0159edstavenstva, jan.matejovsky@jesip.cz Dozor\u010d\u00ed rada:Mgr. Helena [&hellip;]<\/p>\n","protected":false},"author":2,"featured_media":0,"parent":0,"menu_order":0,"comment_status":"closed","ping_status":"closed","template":"","meta":{"footnotes":""},"_links":{"self":[{"href":"https:\/\/jesip.cz\/index.php\/wp-json\/wp\/v2\/pages\/61"}],"collection":[{"href":"https:\/\/jesip.cz\/index.php\/wp-json\/wp\/v2\/pages"}],"about":[{"href":"https:\/\/jesip.cz\/index.php\/wp-json\/wp\/v2\/types\/page"}],"author":[{"embeddable":true,"href":"https:\/\/jesip.cz\/index.php\/wp-json\/wp\/v2\/users\/2"}],"replies":[{"embeddable":true,"href":"https:\/\/jesip.cz\/index.php\/wp-json\/wp\/v2\/comments?post=61"}],"version-history":[{"count":38,"href":"https:\/\/jesip.cz\/index.php\/wp-json\/wp\/v2\/pages\/61\/revisions"}],"predecessor-version":[{"id":108,"href":"https:\/\/jesip.cz\/index.php\/wp-json\/wp\/v2\/pages\/61\/revisions\/108"}],"wp:attachment":[{"href":"https:\/\/jesip.cz\/index.php\/wp-json\/wp\/v2\/media?parent=61"}],"curies":[{"name":"wp","href":"https:\/\/api.w.org\/{rel}","templated":true}]}}